{"id":2,"date":"2013-04-06T19:51:17","date_gmt":"2013-04-06T17:51:17","guid":{"rendered":"http:\/\/astrosonar.de\/?page_id=2"},"modified":"2017-01-22T12:46:40","modified_gmt":"2017-01-22T10:46:40","slug":"beispiel-seite","status":"publish","type":"page","link":"https:\/\/astrosonar.de\/","title":{"rendered":"Startseite"},"content":{"rendered":"<h1 align=\"center\"><\/h1>\n<h1 align=\"center\"><\/h1>\n<h1 align=\"center\"><span style=\"text-decoration: underline;\">Willkommen auf Astrosonar.de<\/span><\/h1>\n<p>&nbsp;<\/p>\n<p align=\"center\">Guten Tag, mein Name ist Michael Jurkschat und ich hei\u00dfe euch auf meiner Webseite Herzlich Willkommen.<\/p>\n<p align=\"center\">Auf dieser Webseite m\u00f6chte ich einige fotografische Ergebnisse pr\u00e4sentieren.<\/p>\n<p align=\"center\">Es gibt nicht nur &#8222;astronomisches&#8220;, sondern auch Fotografie aus den verschiedensten Bereichen zu sehen.<\/p>\n<p align=\"center\"><a href=\"http:\/\/astrosonar.de\/?cat=12\"><img loading=\"lazy\" decoding=\"async\" class=\"alignnone wp-image-2174\" src=\"http:\/\/astrosonar.de\/wp-content\/uploads\/2013\/04\/2016-12-14-2128_4-R_Dorsa_Harker_Aus.jpg\" width=\"409\" height=\"387\" srcset=\"https:\/\/astrosonar.de\/wp-content\/uploads\/2013\/04\/2016-12-14-2128_4-R_Dorsa_Harker_Aus.jpg 893w, https:\/\/astrosonar.de\/wp-content\/uploads\/2013\/04\/2016-12-14-2128_4-R_Dorsa_Harker_Aus-300x283.jpg 300w, https:\/\/astrosonar.de\/wp-content\/uploads\/2013\/04\/2016-12-14-2128_4-R_Dorsa_Harker_Aus-768x725.jpg 768w, https:\/\/astrosonar.de\/wp-content\/uploads\/2013\/04\/2016-12-14-2128_4-R_Dorsa_Harker_Aus-318x300.jpg 318w\" sizes=\"auto, (max-width: 409px) 100vw, 409px\" \/><\/a><\/p>\n<p><a href=\"http:\/\/astrosonar.de\/?p=617\"><img loading=\"lazy\" decoding=\"async\" class=\"wp-image-1701 aligncenter\" src=\"http:\/\/astrosonar.de\/wp-content\/uploads\/2013\/04\/IMG_7338-als-Smartobjekt-1-1024x691.jpg\" alt=\"IMG_7338 als Smartobjekt-1\" width=\"403\" height=\"276\" \/><\/a><\/p>\n<p>&nbsp;<\/p>\n","protected":false},"excerpt":{"rendered":"<p>Willkommen auf Astrosonar.de &nbsp; Guten Tag, mein Name ist Michael Jurkschat und ich hei\u00dfe euch auf meiner Webseite Herzlich Willkommen. Auf dieser Webseite m\u00f6chte ich einige fotografische Ergebnisse pr\u00e4sentieren. Es gibt nicht nur &#8222;astronomisches&#8220;, sondern auch Fotografie aus den verschiedensten &hellip; <a href=\"https:\/\/astrosonar.de\/\">Weiterlesen <span class=\"meta-nav\">&rarr;<\/span><\/a><\/p>\n","protected":false},"author":1,"featured_media":0,"parent":0,"menu_order":0,"comment_status":"closed","ping_status":"closed","template":"sidebar-page.php","meta":{"footnotes":""},"class_list":["post-2","page","type-page","status-publish","hentry"],"_links":{"self":[{"href":"https:\/\/astrosonar.de\/index.php?rest_route=\/wp\/v2\/pages\/2","targetHints":{"allow":["GET"]}}],"collection":[{"href":"https:\/\/astrosonar.de\/index.php?rest_route=\/wp\/v2\/pages"}],"about":[{"href":"https:\/\/astrosonar.de\/index.php?rest_route=\/wp\/v2\/types\/page"}],"author":[{"embeddable":true,"href":"https:\/\/astrosonar.de\/index.php?rest_route=\/wp\/v2\/users\/1"}],"replies":[{"embeddable":true,"href":"https:\/\/astrosonar.de\/index.php?rest_route=%2Fwp%2Fv2%2Fcomments&post=2"}],"version-history":[{"count":56,"href":"https:\/\/astrosonar.de\/index.php?rest_route=\/wp\/v2\/pages\/2\/revisions"}],"predecessor-version":[{"id":2175,"href":"https:\/\/astrosonar.de\/index.php?rest_route=\/wp\/v2\/pages\/2\/revisions\/2175"}],"wp:attachment":[{"href":"https:\/\/astrosonar.de\/index.php?rest_route=%2Fwp%2Fv2%2Fmedia&parent=2"}],"curies":[{"name":"wp","href":"https:\/\/api.w.org\/{rel}","templated":true}]}}